{"id":206,"date":"2016-02-03T18:00:00","date_gmt":"2016-02-03T17:00:00","guid":{"rendered":"http:\/\/www.solwodi-berlin.de\/?page_id=206"},"modified":"2024-04-24T13:48:47","modified_gmt":"2024-04-24T11:48:47","slug":"vernetzung-oeffentlichkeit","status":"publish","type":"page","link":"https:\/\/www.solwodi-berlin.de\/fr\/vernetzung-oeffentlichkeit\/","title":{"rendered":"(Deutsch) Vernetzung &#038; \u00d6ffentlichkeit"},"content":{"rendered":"<p class=\"qtranxs-available-languages-message qtranxs-available-languages-message-fr\">D\u00e9sol\u00e9, cet article est seulement disponible en <a href=\"https:\/\/www.solwodi-berlin.de\/de\/wp-json\/wp\/v2\/pages\/206\" class=\"qtranxs-available-language-link qtranxs-available-language-link-de\" title=\"Deutsch\">Deutsch<\/a> et <a href=\"https:\/\/www.solwodi-berlin.de\/en\/wp-json\/wp\/v2\/pages\/206\" class=\"qtranxs-available-language-link qtranxs-available-language-link-en\" title=\"English\">English<\/a>.<\/p><hr>\n\n\n\n<h6 class=\"wp-block-heading\">Vernetzung<\/h6>\n\n\n\n<p>SOLWODI&nbsp;Berlin&nbsp;e.&nbsp;V. ist regional, \u00fcberregional, bundesweit und international vernetzt (siehe Jahresbericht). Regelm\u00e4\u00dfiger Austausch findet auch mit Vertreter*innen von Kirche und NGOs in den Herkunftsl\u00e4ndern der Klientinnen statt.<\/p>\n\n\n\n<hr>\n\n\n\n<h6 class=\"wp-block-heading\">\u00d6ffentlichkeitsarbeit<\/h6>\n\n\n\n<p>Die Mitarbeiterinnen der Beratungsstelle nehmen an regionalen und internationalen Konferenzen, Fachgespr\u00e4chen, Runden Tischen und Podiumsdiskussionen teil. Sie&nbsp; halten Vortr\u00e4ge und f\u00fchren Fortbildungen f\u00fcr Haupt- und Ehrenamtliche sowie f\u00fcr Sch\u00fcler*innen und Studierende zu folgenden Themen durch: Menschenhandel, Frauen auf der Flucht, Ursache der Flucht und Situationen der Frauen in afrikanischen Herkunftsl\u00e4ndern, Traumaerscheinungen bei gefl\u00fcchteten Frauen, Opferhilfe, interkulturelles und interreligi\u00f6ses Zusammenleben.<\/p>\n\n\n\n<hr>\n\n\n\n<h6 class=\"wp-block-heading\">Schulung f\u00fcr Mitarbeiter*innen in Fl\u00fcchtlingsunterk\u00fcnften\/-einrichtungen zur Identifizierung von Betroffenen von Menschenhandel<\/h6>\n\n\n\n<p><strong>Wo:<\/strong> In den jeweiligen Einrichtungen oder den R\u00e4umen der SOLWODI Beratungsstelle<\/p>\n\n\n\n<p><strong>Zeitlicher Umfang:<\/strong><br>Variante 1: ca. 4 Stunden mit interaktiven Anteilen, Filmbeitrag und Fallarbeit<br>Variante 2: 1-2 Stunden Kurzschulung<\/p>\n\n\n\n<p>Termine f\u00fcr die Schulung k\u00f6nnen flexibel Dienstag, Mittwoch und Donnerstag (9-15 Uhr) vereinbart werden.<\/p>\n\n\n\n<p><strong>Kontakt:<\/strong> Tel: <a href=\"tel:+493081001170\">030 81001170<\/a> oder per E-Mail: <a href=\"mailto:berlin@solwodi.de\">info@solwodi-berlin.de<\/a><\/p>\n\n\n<span class=\"collapseomatic \" id=\"id69d7a4c0c8e3f\"  tabindex=\"0\" title=\"weitere Informationen\"    >weitere Informationen<\/span><div id=\"target-id69d7a4c0c8e3f\" class=\"collapseomatic_content \">\n\n\n\n<p>SOLWODI Berlin bietet Schulungen zum Thema Menschenhandel in Gemeinschaftsunterk\u00fcnften und anderen Einrichtungen der Fl\u00fcchtlingshilfe an.<\/p>\n\n\n\n<p>Die Mitarbeiter*innen der Einrichtungen erhalten theoretisch fundierte und praxisnahe Informationen zu den Indikatoren von Menschenhandel. Zudem werden ihnen Kompetenzen im Umgang mit besonders schutzbed\u00fcrftigen Betroffenen vermittelt. Im Anschluss an den Input bleibt Zeit f\u00fcr einen gemeinsamen Erfahrungsaustausch und Kl\u00e4rung von Fallbeispielen.<\/p>\n\n\n\n<\/div>","protected":false},"excerpt":{"rendered":"<p>D\u00e9sol\u00e9, cet article est seulement disponible en Deutsch et English. Vernetzung SOLWODI&nbsp;Berlin&nbsp;e.&nbsp;V. ist regional, \u00fcberregional, bundesweit und international vernetzt (siehe Jahresbericht). Regelm\u00e4\u00dfiger Austausch findet auch mit Vertreter*innen von Kirche und NGOs in den Herkunftsl\u00e4ndern der Klientinnen statt. \u00d6ffentlichkeitsarbeit Die Mitarbeiterinnen der Beratungsstelle nehmen an regionalen und internationalen Konferenzen, Fachgespr\u00e4chen, Runden Tischen und Podiumsdiskussionen teil. Sie&nbsp; &hellip; <a href=\"https:\/\/www.solwodi-berlin.de\/fr\/vernetzung-oeffentlichkeit\/\" class=\"more-link\">Continuer la lecture<span class=\"screen-reader-text\"> de &laquo;&nbsp;(Deutsch) Vernetzung &#038; \u00d6ffentlichkeit&nbsp;&raquo;<\/span><\/a><\/p>\n","protected":false},"author":1,"featured_media":0,"parent":0,"menu_order":4,"comment_status":"closed","ping_status":"closed","template":"","meta":{"advanced_seo_description":"","jetpack_seo_html_title":"","jetpack_seo_noindex":false,"footnotes":""},"class_list":["post-206","page","type-page","status-publish","hentry"],"jetpack_sharing_enabled":true,"_links":{"self":[{"href":"https:\/\/www.solwodi-berlin.de\/fr\/wp-json\/wp\/v2\/pages\/206","targetHints":{"allow":["GET"]}}],"collection":[{"href":"https:\/\/www.solwodi-berlin.de\/fr\/wp-json\/wp\/v2\/pages"}],"about":[{"href":"https:\/\/www.solwodi-berlin.de\/fr\/wp-json\/wp\/v2\/types\/page"}],"author":[{"embeddable":true,"href":"https:\/\/www.solwodi-berlin.de\/fr\/wp-json\/wp\/v2\/users\/1"}],"replies":[{"embeddable":true,"href":"https:\/\/www.solwodi-berlin.de\/fr\/wp-json\/wp\/v2\/comments?post=206"}],"version-history":[{"count":22,"href":"https:\/\/www.solwodi-berlin.de\/fr\/wp-json\/wp\/v2\/pages\/206\/revisions"}],"predecessor-version":[{"id":3392,"href":"https:\/\/www.solwodi-berlin.de\/fr\/wp-json\/wp\/v2\/pages\/206\/revisions\/3392"}],"wp:attachment":[{"href":"https:\/\/www.solwodi-berlin.de\/fr\/wp-json\/wp\/v2\/media?parent=206"}],"curies":[{"name":"wp","href":"https:\/\/api.w.org\/{rel}","templated":true}]}}