{"id":20,"date":"2016-02-03T18:00:47","date_gmt":"2016-02-03T17:00:47","guid":{"rendered":"http:\/\/www.solwodi-berlin.de\/?page_id=20"},"modified":"2023-06-08T14:55:51","modified_gmt":"2023-06-08T12:55:51","slug":"spenden","status":"publish","type":"page","link":"https:\/\/www.solwodi-berlin.de\/fr\/spenden\/","title":{"rendered":"(Deutsch) Mithelfen &#038; Spenden"},"content":{"rendered":"<p class=\"qtranxs-available-languages-message qtranxs-available-languages-message-fr\">D\u00e9sol\u00e9, cet article est seulement disponible en <a href=\"https:\/\/www.solwodi-berlin.de\/de\/wp-json\/wp\/v2\/pages\/20\" class=\"qtranxs-available-language-link qtranxs-available-language-link-de\" title=\"Deutsch\">Deutsch<\/a> et <a href=\"https:\/\/www.solwodi-berlin.de\/en\/wp-json\/wp\/v2\/pages\/20\" class=\"qtranxs-available-language-link qtranxs-available-language-link-en\" title=\"English\">English<\/a>.<\/p><hr>\n\n\n\n<h6 class=\"wp-block-heading\">Spenden<\/h6>\n\n\n\n<p>Wenn Migrantinnen und gefl\u00fcchtete Frauen und deren Kinder in Berlin angekommen sind, beginnt der langwierige Prozess der Integration, der viel Arbeit und Engagement in mehreren Bereichen und auf allen Seiten verlangt. Durch das <em>Empowerment<\/em> der Frauen und das liebevolle Abbauen von Vorurteilen kann eine friedvollere und lebendigere Gesellschaft entstehen.<\/p>\n\n\n\n<p>Wenn Sie unsere Vision teilen, k\u00f6nnen Sie uns gerne mit Spenden unterst\u00fctzen. Selbstverst\u00e4ndlich erhalten Sie von uns eine <u>Spendenquittung<\/u>.<\/p>\n\n\n\n<hr>\n\n\n\n<h6 class=\"wp-block-heading\">Praktikum<\/h6>\n\n\n\n<p>Wenn Sie sich im Rahmen ihres Studiums der Sozialen Arbeit o. \u00e4. f\u00fcr ein Praktikum bei SOLWODI\u00a0Berlin\u00a0e.\u00a0V. interessieren, schicken Sie bitte Ihre Bewerbung samt Lebenslauf an <a href=\"mailto:info@solwodi-berlin.de\" data-type=\"mailto\" data-id=\"mailto:info@solwodi-berlin.de\">info@solwodi-berlin.de<\/a>.<\/p>\n\n\n\n<hr>\n\n\n\n<h6 class=\"wp-block-heading\">Ehrenamtliches Engagement<\/h6>\n\n\n\n<p>Wenn Sie sich ehrenamtlich f\u00fcr eine Klientin von SOLWODI Berlin und deren Kinder als Kinderbetreuerin, Begleiterin zu \u00c4mtern oder \u00c4rzten, Unterst\u00fctzerin bei der Wohnungssuche usw. engagieren wollen, melden Sie sich! Schicken Sie uns eine Mail (<a href=\"mailto:info@solwodi-berlin.de\" data-type=\"mailto\" data-id=\"mailto:info@solwodi-berlin.de\">info@solwodi-berlin.de<\/a>) und wir werden Sie kontaktieren.<\/p>","protected":false},"excerpt":{"rendered":"<p>D\u00e9sol\u00e9, cet article est seulement disponible en Deutsch et English. Spenden Wenn Migrantinnen und gefl\u00fcchtete Frauen und deren Kinder in Berlin angekommen sind, beginnt der langwierige Prozess der Integration, der viel Arbeit und Engagement in mehreren Bereichen und auf allen Seiten verlangt. Durch das Empowerment der Frauen und das liebevolle Abbauen von Vorurteilen kann eine &hellip; <a href=\"https:\/\/www.solwodi-berlin.de\/fr\/spenden\/\" class=\"more-link\">Continuer la lecture<span class=\"screen-reader-text\"> de &laquo;&nbsp;(Deutsch) Mithelfen &#038; Spenden&nbsp;&raquo;<\/span><\/a><\/p>\n","protected":false},"author":1,"featured_media":0,"parent":0,"menu_order":6,"comment_status":"closed","ping_status":"closed","template":"","meta":{"advanced_seo_description":"","jetpack_seo_html_title":"","jetpack_seo_noindex":false,"footnotes":""},"class_list":["post-20","page","type-page","status-publish","hentry"],"jetpack_sharing_enabled":true,"_links":{"self":[{"href":"https:\/\/www.solwodi-berlin.de\/fr\/wp-json\/wp\/v2\/pages\/20","targetHints":{"allow":["GET"]}}],"collection":[{"href":"https:\/\/www.solwodi-berlin.de\/fr\/wp-json\/wp\/v2\/pages"}],"about":[{"href":"https:\/\/www.solwodi-berlin.de\/fr\/wp-json\/wp\/v2\/types\/page"}],"author":[{"embeddable":true,"href":"https:\/\/www.solwodi-berlin.de\/fr\/wp-json\/wp\/v2\/users\/1"}],"replies":[{"embeddable":true,"href":"https:\/\/www.solwodi-berlin.de\/fr\/wp-json\/wp\/v2\/comments?post=20"}],"version-history":[{"count":6,"href":"https:\/\/www.solwodi-berlin.de\/fr\/wp-json\/wp\/v2\/pages\/20\/revisions"}],"predecessor-version":[{"id":3014,"href":"https:\/\/www.solwodi-berlin.de\/fr\/wp-json\/wp\/v2\/pages\/20\/revisions\/3014"}],"wp:attachment":[{"href":"https:\/\/www.solwodi-berlin.de\/fr\/wp-json\/wp\/v2\/media?parent=20"}],"curies":[{"name":"wp","href":"https:\/\/api.w.org\/{rel}","templated":true}]}}