{"id":197,"date":"2016-02-03T18:00:44","date_gmt":"2016-02-03T17:00:44","guid":{"rendered":"http:\/\/www.solwodi-berlin.de\/?page_id=197"},"modified":"2021-10-26T19:00:35","modified_gmt":"2021-10-26T17:00:35","slug":"kreative-angebote","status":"publish","type":"page","link":"https:\/\/www.solwodi-berlin.de\/fr\/kreative-angebote\/","title":{"rendered":"(Deutsch) Kreative Angebote"},"content":{"rendered":"<p class=\"qtranxs-available-languages-message qtranxs-available-languages-message-fr\">D\u00e9sol\u00e9, cet article est seulement disponible en <a href=\"https:\/\/www.solwodi-berlin.de\/de\/wp-json\/wp\/v2\/pages\/197\" class=\"qtranxs-available-language-link qtranxs-available-language-link-de\" title=\"Deutsch\">Deutsch<\/a> et <a href=\"https:\/\/www.solwodi-berlin.de\/en\/wp-json\/wp\/v2\/pages\/197\" class=\"qtranxs-available-language-link qtranxs-available-language-link-en\" title=\"English\">English<\/a>.<\/p><hr>\n\n\n\n<h6 class=\"wp-block-heading\">Theater und Entspannung<\/h6>\n\n\n\n<div class=\"wp-block-image\"><figure class=\"alignright\"><img loading=\"lazy\" decoding=\"async\" width=\"300\" height=\"232\" data-attachment-id=\"613\" data-permalink=\"https:\/\/www.solwodi-berlin.de\/fr\/kreative-angebote\/cci06052016_0003\/\" data-orig-file=\"https:\/\/www.solwodi-berlin.de\/wp-content\/uploads\/2016\/02\/CCI06052016_0003.png\" data-orig-size=\"840,650\" data-comments-opened=\"0\" data-image-meta=\"{&quot;aperture&quot;:&quot;0&quot;,&quot;credit&quot;:&quot;&quot;,&quot;camera&quot;:&quot;&quot;,&quot;caption&quot;:&quot;&quot;,&quot;created_timestamp&quot;:&quot;0&quot;,&quot;copyright&quot;:&quot;&quot;,&quot;focal_length&quot;:&quot;0&quot;,&quot;iso&quot;:&quot;0&quot;,&quot;shutter_speed&quot;:&quot;0&quot;,&quot;title&quot;:&quot;&quot;,&quot;orientation&quot;:&quot;0&quot;}\" data-image-title=\"\" data-image-description=\"\" data-image-caption=\"\" data-medium-file=\"https:\/\/www.solwodi-berlin.de\/wp-content\/uploads\/2016\/02\/CCI06052016_0003-300x232.png\" data-large-file=\"https:\/\/www.solwodi-berlin.de\/wp-content\/uploads\/2016\/02\/CCI06052016_0003.png\" src=\"https:\/\/www.solwodi-berlin.de\/wp-content\/uploads\/2016\/02\/CCI06052016_0003-300x232.png\" alt=\"CCI06052016_0003\" class=\"wp-image-613\" srcset=\"https:\/\/www.solwodi-berlin.de\/wp-content\/uploads\/2016\/02\/CCI06052016_0003-300x232.png 300w, https:\/\/www.solwodi-berlin.de\/wp-content\/uploads\/2016\/02\/CCI06052016_0003-768x594.png 768w, https:\/\/www.solwodi-berlin.de\/wp-content\/uploads\/2016\/02\/CCI06052016_0003.png 840w\" sizes=\"auto, (max-width: 300px) 85vw, 300px\" \/><\/figure><\/div>\n\n\n\n<p>Bei den angestrebten Leitzielen stehen die <strong>Stabilisierung, <\/strong>die <strong>Kommunikationsf\u00e4higkeit, <\/strong>der <strong>interkulturelle Austausch, <\/strong>die<strong> Integration <\/strong>und das<strong> Selbstbewusstsein <\/strong>der Klientinnen im Zentrum.<\/p>\n\n\n\n<p>Die Klientinnen werden durch entspannungs- und kreative theaterp\u00e4dagogische \u00dcbungen in ihren pers\u00f6nlichen Handlungskompetenzen gest\u00e4rkt, und ihre bereits vorhandenen F\u00e4higkeiten\/Ressourcen werden im theaterp\u00e4dagogischen Spiel einbezogen.<\/p>\n\n\n\n<p>Die \u00dcbungen und das Spiel erm\u00f6glichen den Frauen unter anderem, ihre Wahrnehmung zu st\u00e4rken, ihre Selbstheilungskr\u00e4fte zu aktivieren und Konflikte zu bew\u00e4ltigen.<\/p>\n\n\n\n<p><strong><span style=\"font-size: 10pt;\">*W\u00e4hrend des dreist\u00fcndigen Theaterkurses wird Kinderbetreuung angeboten.<\/span><\/strong><\/p>\n\n\n\n<hr>\n\n\n\n<h6 class=\"wp-block-heading\">Kunst \u2013 Malen und Basteln<\/h6>\n\n\n\n<div class=\"wp-block-image\"><figure class=\"alignright\"><img loading=\"lazy\" decoding=\"async\" width=\"300\" height=\"241\" data-attachment-id=\"617\" data-permalink=\"https:\/\/www.solwodi-berlin.de\/fr\/kreative-angebote\/cci06052016_0004\/\" data-orig-file=\"https:\/\/www.solwodi-berlin.de\/wp-content\/uploads\/2016\/02\/CCI06052016_0004.png\" data-orig-size=\"840,674\" data-comments-opened=\"0\" data-image-meta=\"{&quot;aperture&quot;:&quot;0&quot;,&quot;credit&quot;:&quot;&quot;,&quot;camera&quot;:&quot;&quot;,&quot;caption&quot;:&quot;&quot;,&quot;created_timestamp&quot;:&quot;0&quot;,&quot;copyright&quot;:&quot;&quot;,&quot;focal_length&quot;:&quot;0&quot;,&quot;iso&quot;:&quot;0&quot;,&quot;shutter_speed&quot;:&quot;0&quot;,&quot;title&quot;:&quot;&quot;,&quot;orientation&quot;:&quot;0&quot;}\" data-image-title=\"\" data-image-description=\"\" data-image-caption=\"\" data-medium-file=\"https:\/\/www.solwodi-berlin.de\/wp-content\/uploads\/2016\/02\/CCI06052016_0004-300x241.png\" data-large-file=\"https:\/\/www.solwodi-berlin.de\/wp-content\/uploads\/2016\/02\/CCI06052016_0004.png\" src=\"https:\/\/www.solwodi-berlin.de\/wp-content\/uploads\/2016\/02\/CCI06052016_0004-300x241.png\" alt=\"CCI06052016_0004\" class=\"wp-image-617\" srcset=\"https:\/\/www.solwodi-berlin.de\/wp-content\/uploads\/2016\/02\/CCI06052016_0004-300x241.png 300w, https:\/\/www.solwodi-berlin.de\/wp-content\/uploads\/2016\/02\/CCI06052016_0004-768x616.png 768w, https:\/\/www.solwodi-berlin.de\/wp-content\/uploads\/2016\/02\/CCI06052016_0004.png 840w\" sizes=\"auto, (max-width: 300px) 85vw, 300px\" \/><\/figure><\/div>\n\n\n\n<p>Leitziele des Projektes sind: die <strong>Unterst\u00fctzung von Heilungsprozessen,<\/strong> der<strong> Aufbau von pers\u00f6nlichem Wachstum, <\/strong>die <strong>St\u00e4rkung des Selbstbewusstseins,<\/strong> die <strong>Weiterentwicklung eigener Ressourcen <\/strong>sowie die<strong> F\u00f6rderung der Integration und Teilhabe<\/strong>.<\/p>\n\n\n\n<p>Im Mittelpunkt stehen die Teilnehmerinnen mit ihren Bed\u00fcrfnissen. Sie d\u00fcrfen Mittel und Farben w\u00e4hlen und werden in ihrer Gestaltungsfreiheit begleitet und unterst\u00fctzt.<\/p>\n\n\n\n<p>Das sch\u00f6pferische Tun wirkt beruhigend und gleichzeitig anregend auf das Gem\u00fct. Es dient dazu, sich selbst besser kennen zu lernen und Selbstbewusstsein zu entwickeln. Den Frauen werden durch die Anwendung unterschiedlichster Gestaltungsweisen und Techniken der Malerei M\u00f6glichkeiten gegeben sich auszuprobieren. Sie k\u00f6nnen eigene F\u00e4higkeiten entdecken und entwickeln. Gleichzeitig regt das k\u00fcnstlerische Formen die Phantasie und Kreativit\u00e4t an und kann so zu einer lebensbejahenden Haltung f\u00fchren. Das Hervorbringen einer eigenen Kreation st\u00e4rkt dabei das Selbstwertgef\u00fchl.<\/p>\n\n\n\n<p><strong><span style=\"font-size: 10pt;\">*W\u00e4hrend des zweist\u00fcndigen Kunstprojekts kann bei Bedarf Kinderbetreuung angeboten werden.<\/span><\/strong><\/p>\n\n\n\n<p>Am 23.November 2018 fand in der Notunterkunft f\u00fcr Gefl\u00fcchtete, in der Niedstra\u00dfe Berlin-Friedenau, ein von SOLWODI durchgef\u00fchrtes Kunstprojekt statt. Das Kunstprojekt richtete sich an Frauen und deren Kinder.&nbsp; Gro\u00df und Klein machte sich unter Anleitung daran, verschiedene Methoden auszuprobieren und gemeinsam stellten sie wundersch\u00f6ne Winter- und Weihnachtskarten her.<\/p>\n\n\n\n<div class=\"wp-block-image\"><figure class=\"alignleft\"><img loading=\"lazy\" decoding=\"async\" width=\"300\" height=\"225\" data-attachment-id=\"2499\" data-permalink=\"https:\/\/www.solwodi-berlin.de\/fr\/kreative-angebote\/kunstprojekt-2018\/\" data-orig-file=\"https:\/\/www.solwodi-berlin.de\/wp-content\/uploads\/2019\/01\/Kunstprojekt-2018.jpg\" data-orig-size=\"1387,1040\" data-comments-opened=\"0\" data-image-meta=\"{&quot;aperture&quot;:&quot;0&quot;,&quot;credit&quot;:&quot;&quot;,&quot;camera&quot;:&quot;&quot;,&quot;caption&quot;:&quot;&quot;,&quot;created_timestamp&quot;:&quot;0&quot;,&quot;copyright&quot;:&quot;&quot;,&quot;focal_length&quot;:&quot;0&quot;,&quot;iso&quot;:&quot;0&quot;,&quot;shutter_speed&quot;:&quot;0&quot;,&quot;title&quot;:&quot;&quot;,&quot;orientation&quot;:&quot;0&quot;}\" data-image-title=\"Kunstprojekt 2018\" data-image-description=\"\" data-image-caption=\"\" data-medium-file=\"https:\/\/www.solwodi-berlin.de\/wp-content\/uploads\/2019\/01\/Kunstprojekt-2018-300x225.jpg\" data-large-file=\"https:\/\/www.solwodi-berlin.de\/wp-content\/uploads\/2019\/01\/Kunstprojekt-2018-1024x768.jpg\" src=\"https:\/\/www.solwodi-berlin.de\/wp-content\/uploads\/2019\/01\/Kunstprojekt-2018-300x225.jpg\" alt=\"\" class=\"wp-image-2499\" srcset=\"https:\/\/www.solwodi-berlin.de\/wp-content\/uploads\/2019\/01\/Kunstprojekt-2018-300x225.jpg 300w, https:\/\/www.solwodi-berlin.de\/wp-content\/uploads\/2019\/01\/Kunstprojekt-2018-768x576.jpg 768w, https:\/\/www.solwodi-berlin.de\/wp-content\/uploads\/2019\/01\/Kunstprojekt-2018-1024x768.jpg 1024w, https:\/\/www.solwodi-berlin.de\/wp-content\/uploads\/2019\/01\/Kunstprojekt-2018-1200x900.jpg 1200w, https:\/\/www.solwodi-berlin.de\/wp-content\/uploads\/2019\/01\/Kunstprojekt-2018.jpg 1387w\" sizes=\"auto, (max-width: 300px) 85vw, 300px\" \/><\/figure><\/div>\n\n\n\n<figure class=\"wp-block-image\"><img loading=\"lazy\" decoding=\"async\" width=\"300\" height=\"225\" data-attachment-id=\"2500\" data-permalink=\"https:\/\/www.solwodi-berlin.de\/fr\/kreative-angebote\/kunstprojekt-2018-2\/\" data-orig-file=\"https:\/\/www.solwodi-berlin.de\/wp-content\/uploads\/2019\/01\/Kunstprojekt.-2018.jpg\" data-orig-size=\"935,701\" data-comments-opened=\"0\" data-image-meta=\"{&quot;aperture&quot;:&quot;0&quot;,&quot;credit&quot;:&quot;&quot;,&quot;camera&quot;:&quot;&quot;,&quot;caption&quot;:&quot;&quot;,&quot;created_timestamp&quot;:&quot;0&quot;,&quot;copyright&quot;:&quot;&quot;,&quot;focal_length&quot;:&quot;0&quot;,&quot;iso&quot;:&quot;0&quot;,&quot;shutter_speed&quot;:&quot;0&quot;,&quot;title&quot;:&quot;&quot;,&quot;orientation&quot;:&quot;0&quot;}\" data-image-title=\"Kunstprojekt 2018\" data-image-description=\"\" data-image-caption=\"\" data-medium-file=\"https:\/\/www.solwodi-berlin.de\/wp-content\/uploads\/2019\/01\/Kunstprojekt.-2018-300x225.jpg\" data-large-file=\"https:\/\/www.solwodi-berlin.de\/wp-content\/uploads\/2019\/01\/Kunstprojekt.-2018.jpg\" src=\"https:\/\/www.solwodi-berlin.de\/wp-content\/uploads\/2019\/01\/Kunstprojekt.-2018-300x225.jpg\" alt=\"\" class=\"wp-image-2500\" srcset=\"https:\/\/www.solwodi-berlin.de\/wp-content\/uploads\/2019\/01\/Kunstprojekt.-2018-300x225.jpg 300w, https:\/\/www.solwodi-berlin.de\/wp-content\/uploads\/2019\/01\/Kunstprojekt.-2018-768x576.jpg 768w, https:\/\/www.solwodi-berlin.de\/wp-content\/uploads\/2019\/01\/Kunstprojekt.-2018.jpg 935w\" sizes=\"auto, (max-width: 300px) 85vw, 300px\" \/><\/figure>\n\n\n\n<div style=\"height:60px\" aria-hidden=\"true\" class=\"wp-block-spacer\"><\/div>\n\n\n\n<hr>\n\n\n\n<h6 class=\"wp-block-heading\">Weitere Angebote<\/h6>\n\n\n\n<div class=\"wp-block-columns is-layout-flex wp-container-core-columns-is-layout-9d6595d7 wp-block-columns-is-layout-flex\">\n<div class=\"wp-block-column is-layout-flow wp-block-column-is-layout-flow\">\n<figure class=\"wp-block-image size-full\"><img loading=\"lazy\" decoding=\"async\" width=\"840\" height=\"694\" data-attachment-id=\"620\" data-permalink=\"https:\/\/www.solwodi-berlin.de\/fr\/kreative-angebote\/cci06052016_0005\/\" data-orig-file=\"https:\/\/www.solwodi-berlin.de\/wp-content\/uploads\/2016\/02\/CCI06052016_0005.png\" data-orig-size=\"840,694\" data-comments-opened=\"0\" data-image-meta=\"{&quot;aperture&quot;:&quot;0&quot;,&quot;credit&quot;:&quot;&quot;,&quot;camera&quot;:&quot;&quot;,&quot;caption&quot;:&quot;&quot;,&quot;created_timestamp&quot;:&quot;0&quot;,&quot;copyright&quot;:&quot;&quot;,&quot;focal_length&quot;:&quot;0&quot;,&quot;iso&quot;:&quot;0&quot;,&quot;shutter_speed&quot;:&quot;0&quot;,&quot;title&quot;:&quot;&quot;,&quot;orientation&quot;:&quot;0&quot;}\" data-image-title=\"\" data-image-description=\"\" data-image-caption=\"\" data-medium-file=\"https:\/\/www.solwodi-berlin.de\/wp-content\/uploads\/2016\/02\/CCI06052016_0005-300x248.png\" data-large-file=\"https:\/\/www.solwodi-berlin.de\/wp-content\/uploads\/2016\/02\/CCI06052016_0005.png\" src=\"https:\/\/www.solwodi-berlin.de\/wp-content\/uploads\/2016\/02\/CCI06052016_0005.png\" alt=\"\" class=\"wp-image-620\" srcset=\"https:\/\/www.solwodi-berlin.de\/wp-content\/uploads\/2016\/02\/CCI06052016_0005.png 840w, https:\/\/www.solwodi-berlin.de\/wp-content\/uploads\/2016\/02\/CCI06052016_0005-300x248.png 300w, https:\/\/www.solwodi-berlin.de\/wp-content\/uploads\/2016\/02\/CCI06052016_0005-768x635.png 768w\" sizes=\"auto, (max-width: 709px) 85vw, (max-width: 909px) 67vw, (max-width: 1362px) 62vw, 840px\" \/><\/figure>\n\n\n\n<div style=\"height:29px\" aria-hidden=\"true\" class=\"wp-block-spacer\"><\/div>\n\n\n<span class=\"collapseomatic \" id=\"id69e522feb454a\"  tabindex=\"0\" title=\"Selbstverteidigungskurs\"    >Selbstverteidigungskurs<\/span><div id=\"target-id69e522feb454a\" class=\"collapseomatic_content \">\n\n\n\n<div class=\"wp-block-image\"><figure class=\"aligncenter\"><img loading=\"lazy\" decoding=\"async\" width=\"400\" height=\"584\" data-attachment-id=\"1727\" data-permalink=\"https:\/\/www.solwodi-berlin.de\/fr\/kreative-angebote\/sv2-2\/\" data-orig-file=\"https:\/\/www.solwodi-berlin.de\/wp-content\/uploads\/2016\/02\/SV2-1.png\" data-orig-size=\"400,584\" data-comments-opened=\"0\" data-image-meta=\"{&quot;aperture&quot;:&quot;0&quot;,&quot;credit&quot;:&quot;&quot;,&quot;camera&quot;:&quot;&quot;,&quot;caption&quot;:&quot;&quot;,&quot;created_timestamp&quot;:&quot;0&quot;,&quot;copyright&quot;:&quot;&quot;,&quot;focal_length&quot;:&quot;0&quot;,&quot;iso&quot;:&quot;0&quot;,&quot;shutter_speed&quot;:&quot;0&quot;,&quot;title&quot;:&quot;&quot;,&quot;orientation&quot;:&quot;0&quot;}\" data-image-title=\"\" data-image-description=\"\" data-image-caption=\"\" data-medium-file=\"https:\/\/www.solwodi-berlin.de\/wp-content\/uploads\/2016\/02\/SV2-1-205x300.png\" data-large-file=\"https:\/\/www.solwodi-berlin.de\/wp-content\/uploads\/2016\/02\/SV2-1.png\" src=\"https:\/\/www.solwodi-berlin.de\/wp-content\/uploads\/2016\/02\/SV2-1.png\" alt=\"\" class=\"wp-image-1727\" srcset=\"https:\/\/www.solwodi-berlin.de\/wp-content\/uploads\/2016\/02\/SV2-1.png 400w, https:\/\/www.solwodi-berlin.de\/wp-content\/uploads\/2016\/02\/SV2-1-205x300.png 205w\" sizes=\"auto, (max-width: 400px) 85vw, 400px\" \/><\/figure><\/div>\n\n\n\n<p>Unter Anleitung einer professionellen Trainerin bietet SOLWODI in Kooperation mit der <a rel=\"noreferrer noopener\" href=\"https:\/\/www.jack-berlin.org\" target=\"_blank\">JACK &#8211; Bildungsst\u00e4tte<\/a> f\u00fcr die Klientinnen einen Selbstverteidigungskurs (sechs bis acht Wochen) an.<\/p>\n\n\n\n<p>Die Teilnehmerinnen k\u00f6nnen durch die \u00dcbungen \u00c4rger und belastende Gef\u00fchle loslassen und lernen gleichzeitig wie man sich durch einfache Methoden selbst verteidigen kann. Besonders beeindruckend ist, dass in vielen F\u00e4llen die k\u00f6rperliche St\u00e4rke nicht entscheidend sein muss. Diese Erkenntnis gespickt mit den erlernten Selbstverteidigungsmethoden st\u00e4rkt die Selbstsicherheit und das Selbstbewusstsein.<\/p>\n\n\n\n<div class=\"wp-block-image\"><figure class=\"aligncenter\"><img loading=\"lazy\" decoding=\"async\" width=\"400\" height=\"328\" data-attachment-id=\"1728\" data-permalink=\"https:\/\/www.solwodi-berlin.de\/fr\/kreative-angebote\/sv3\/\" data-orig-file=\"https:\/\/www.solwodi-berlin.de\/wp-content\/uploads\/2016\/02\/SV3.png\" data-orig-size=\"400,328\" data-comments-opened=\"0\" data-image-meta=\"{&quot;aperture&quot;:&quot;0&quot;,&quot;credit&quot;:&quot;&quot;,&quot;camera&quot;:&quot;&quot;,&quot;caption&quot;:&quot;&quot;,&quot;created_timestamp&quot;:&quot;0&quot;,&quot;copyright&quot;:&quot;&quot;,&quot;focal_length&quot;:&quot;0&quot;,&quot;iso&quot;:&quot;0&quot;,&quot;shutter_speed&quot;:&quot;0&quot;,&quot;title&quot;:&quot;&quot;,&quot;orientation&quot;:&quot;0&quot;}\" data-image-title=\"\" data-image-description=\"\" data-image-caption=\"\" data-medium-file=\"https:\/\/www.solwodi-berlin.de\/wp-content\/uploads\/2016\/02\/SV3-300x246.png\" data-large-file=\"https:\/\/www.solwodi-berlin.de\/wp-content\/uploads\/2016\/02\/SV3.png\" src=\"https:\/\/www.solwodi-berlin.de\/wp-content\/uploads\/2016\/02\/SV3.png\" alt=\"\" class=\"wp-image-1728\" srcset=\"https:\/\/www.solwodi-berlin.de\/wp-content\/uploads\/2016\/02\/SV3.png 400w, https:\/\/www.solwodi-berlin.de\/wp-content\/uploads\/2016\/02\/SV3-300x246.png 300w\" sizes=\"auto, (max-width: 400px) 85vw, 400px\" \/><\/figure><\/div>\n\n\n\n<\/div>\n<\/div>\n\n\n\n<div class=\"wp-block-column is-layout-flow wp-block-column-is-layout-flow\">\n<figure class=\"wp-block-image size-full\"><img loading=\"lazy\" decoding=\"async\" width=\"840\" height=\"743\" data-attachment-id=\"622\" data-permalink=\"https:\/\/www.solwodi-berlin.de\/fr\/kreative-angebote\/cci06052016_0006\/\" data-orig-file=\"https:\/\/www.solwodi-berlin.de\/wp-content\/uploads\/2016\/02\/CCI06052016_0006.png\" data-orig-size=\"840,743\" data-comments-opened=\"0\" data-image-meta=\"{&quot;aperture&quot;:&quot;0&quot;,&quot;credit&quot;:&quot;&quot;,&quot;camera&quot;:&quot;&quot;,&quot;caption&quot;:&quot;&quot;,&quot;created_timestamp&quot;:&quot;0&quot;,&quot;copyright&quot;:&quot;&quot;,&quot;focal_length&quot;:&quot;0&quot;,&quot;iso&quot;:&quot;0&quot;,&quot;shutter_speed&quot;:&quot;0&quot;,&quot;title&quot;:&quot;&quot;,&quot;orientation&quot;:&quot;0&quot;}\" data-image-title=\"\" data-image-description=\"\" data-image-caption=\"\" data-medium-file=\"https:\/\/www.solwodi-berlin.de\/wp-content\/uploads\/2016\/02\/CCI06052016_0006-300x265.png\" data-large-file=\"https:\/\/www.solwodi-berlin.de\/wp-content\/uploads\/2016\/02\/CCI06052016_0006.png\" src=\"https:\/\/www.solwodi-berlin.de\/wp-content\/uploads\/2016\/02\/CCI06052016_0006.png\" alt=\"\" class=\"wp-image-622\" srcset=\"https:\/\/www.solwodi-berlin.de\/wp-content\/uploads\/2016\/02\/CCI06052016_0006.png 840w, https:\/\/www.solwodi-berlin.de\/wp-content\/uploads\/2016\/02\/CCI06052016_0006-300x265.png 300w, https:\/\/www.solwodi-berlin.de\/wp-content\/uploads\/2016\/02\/CCI06052016_0006-768x679.png 768w\" sizes=\"auto, (max-width: 709px) 85vw, (max-width: 909px) 67vw, (max-width: 1362px) 62vw, 840px\" \/><\/figure>\n\n\n<span class=\"collapseomatic \" id=\"id69e522feb4624\"  tabindex=\"0\" title=\"Fahrradfahren\"    >Fahrradfahren<\/span><div id=\"target-id69e522feb4624\" class=\"collapseomatic_content \">\n\n\n\n<div class=\"wp-block-image\"><figure class=\"aligncenter\"><img loading=\"lazy\" decoding=\"async\" width=\"400\" height=\"411\" data-attachment-id=\"1055\" data-permalink=\"https:\/\/www.solwodi-berlin.de\/fr\/kreative-angebote\/img_5818-bearbeitet-2\/\" data-orig-file=\"https:\/\/www.solwodi-berlin.de\/wp-content\/uploads\/2016\/02\/IMG_5818-bearbeitet-1.png\" data-orig-size=\"400,411\" data-comments-opened=\"0\" data-image-meta=\"{&quot;aperture&quot;:&quot;0&quot;,&quot;credit&quot;:&quot;&quot;,&quot;camera&quot;:&quot;&quot;,&quot;caption&quot;:&quot;&quot;,&quot;created_timestamp&quot;:&quot;0&quot;,&quot;copyright&quot;:&quot;&quot;,&quot;focal_length&quot;:&quot;0&quot;,&quot;iso&quot;:&quot;0&quot;,&quot;shutter_speed&quot;:&quot;0&quot;,&quot;title&quot;:&quot;&quot;,&quot;orientation&quot;:&quot;0&quot;}\" data-image-title=\"\" data-image-description=\"\" data-image-caption=\"\" data-medium-file=\"https:\/\/www.solwodi-berlin.de\/wp-content\/uploads\/2016\/02\/IMG_5818-bearbeitet-1-292x300.png\" data-large-file=\"https:\/\/www.solwodi-berlin.de\/wp-content\/uploads\/2016\/02\/IMG_5818-bearbeitet-1.png\" src=\"https:\/\/www.solwodi-berlin.de\/wp-content\/uploads\/2016\/02\/IMG_5818-bearbeitet-1.png\" alt=\"img_5818-bearbeitet\" class=\"wp-image-1055\" srcset=\"https:\/\/www.solwodi-berlin.de\/wp-content\/uploads\/2016\/02\/IMG_5818-bearbeitet-1.png 400w, https:\/\/www.solwodi-berlin.de\/wp-content\/uploads\/2016\/02\/IMG_5818-bearbeitet-1-292x300.png 292w\" sizes=\"auto, (max-width: 400px) 85vw, 400px\" \/><\/figure><\/div>\n\n\n\n<p>Mit der Unterst\u00fctzung von Studentinnen und Ehrenamtlichen, in Zusammenarbeit mit der Bildungsst\u00e4tte Jack,&nbsp; wird Klientinnen in kleinen Gruppen oder individuell das Fahrradfahren beigebracht. Diese Aktivit\u00e4t wurde in vielen F\u00e4llen den Frauen in ihrem Heimatland bisher verweigert.<\/p>\n\n\n\n<div class=\"wp-block-image\"><figure class=\"aligncenter\"><img loading=\"lazy\" decoding=\"async\" width=\"400\" height=\"238\" data-attachment-id=\"1056\" data-permalink=\"https:\/\/www.solwodi-berlin.de\/fr\/kreative-angebote\/img_5912-bearbeitet-2\/\" data-orig-file=\"https:\/\/www.solwodi-berlin.de\/wp-content\/uploads\/2016\/02\/IMG_5912-bearbeitet-1.png\" data-orig-size=\"400,238\" data-comments-opened=\"0\" data-image-meta=\"{&quot;aperture&quot;:&quot;0&quot;,&quot;credit&quot;:&quot;&quot;,&quot;camera&quot;:&quot;&quot;,&quot;caption&quot;:&quot;&quot;,&quot;created_timestamp&quot;:&quot;0&quot;,&quot;copyright&quot;:&quot;&quot;,&quot;focal_length&quot;:&quot;0&quot;,&quot;iso&quot;:&quot;0&quot;,&quot;shutter_speed&quot;:&quot;0&quot;,&quot;title&quot;:&quot;&quot;,&quot;orientation&quot;:&quot;0&quot;}\" data-image-title=\"\" data-image-description=\"\" data-image-caption=\"\" data-medium-file=\"https:\/\/www.solwodi-berlin.de\/wp-content\/uploads\/2016\/02\/IMG_5912-bearbeitet-1-300x179.png\" data-large-file=\"https:\/\/www.solwodi-berlin.de\/wp-content\/uploads\/2016\/02\/IMG_5912-bearbeitet-1.png\" src=\"https:\/\/www.solwodi-berlin.de\/wp-content\/uploads\/2016\/02\/IMG_5912-bearbeitet-1.png\" alt=\"img_5912-bearbeitet\" class=\"wp-image-1056\" srcset=\"https:\/\/www.solwodi-berlin.de\/wp-content\/uploads\/2016\/02\/IMG_5912-bearbeitet-1.png 400w, https:\/\/www.solwodi-berlin.de\/wp-content\/uploads\/2016\/02\/IMG_5912-bearbeitet-1-300x179.png 300w\" sizes=\"auto, (max-width: 400px) 85vw, 400px\" \/><\/figure><\/div>\n\n\n\n<p>Fahrradfahren bedeutet f\u00fcr sie mehr Mobilit\u00e4t und Flexibilit\u00e4t in der Stadt, sowie Bewegung und Autonomie. Die Frauen zeigen gro\u00dfen Spa\u00df am \u00dcben und am Lernen der Verkehrsregeln, sowie am Austausch mit den Studentinnen und Ehrenamtlichen.<\/p>\n\n\n\n<p>Der H\u00f6hepunkt ist allerdings, wenn die Teilnehmerinnen am Ende ihre eigenen Fahrr\u00e4der erhalten, die durch Spenden besorgt werden k\u00f6nnen. <\/p>\n\n\n\n<\/div>\n<\/div>\n<\/div>\n\n\n\n<p> <\/p>\n\n\n<span class=\"collapseomatic \" id=\"id69e522feb467d\"  tabindex=\"0\" title=\"Let&#039;s Move! Tanz Dich frei!\"    >Let's Move! Tanz Dich frei!<\/span><div id=\"target-id69e522feb467d\" class=\"collapseomatic_content \">\n\n\n\n<figure class=\"wp-block-image size-medium is-resized\"><img decoding=\"async\" data-attachment-id=\"2539\" data-permalink=\"https:\/\/www.solwodi-berlin.de\/fr\/kreative-angebote\/img_1972\/\" data-orig-file=\"https:\/\/www.solwodi-berlin.de\/wp-content\/uploads\/2019\/07\/IMG_1972-e1563453165500.jpg\" data-orig-size=\"3264,2448\" data-comments-opened=\"0\" data-image-meta=\"{&quot;aperture&quot;:&quot;2.4&quot;,&quot;credit&quot;:&quot;&quot;,&quot;camera&quot;:&quot;iPhone 5&quot;,&quot;caption&quot;:&quot;&quot;,&quot;created_timestamp&quot;:&quot;1559318821&quot;,&quot;copyright&quot;:&quot;&quot;,&quot;focal_length&quot;:&quot;4.12&quot;,&quot;iso&quot;:&quot;160&quot;,&quot;shutter_speed&quot;:&quot;0.05&quot;,&quot;title&quot;:&quot;&quot;,&quot;orientation&quot;:&quot;1&quot;}\" data-image-title=\"\" data-image-description=\"\" data-image-caption=\"\" data-medium-file=\"https:\/\/www.solwodi-berlin.de\/wp-content\/uploads\/2019\/07\/IMG_1972-e1563453165500-300x225.jpg\" data-large-file=\"https:\/\/www.solwodi-berlin.de\/wp-content\/uploads\/2019\/07\/IMG_1972-e1563453165500-1024x768.jpg\" src=\"https:\/\/www.solwodi-berlin.de\/wp-content\/uploads\/2019\/07\/IMG_1972-e1563453165500-300x225.jpg\" alt=\"\" class=\"wp-image-2539\" width=\"400\" srcset=\"https:\/\/www.solwodi-berlin.de\/wp-content\/uploads\/2019\/07\/IMG_1972-e1563453165500-300x225.jpg 300w, https:\/\/www.solwodi-berlin.de\/wp-content\/uploads\/2019\/07\/IMG_1972-e1563453165500-768x576.jpg 768w, https:\/\/www.solwodi-berlin.de\/wp-content\/uploads\/2019\/07\/IMG_1972-e1563453165500-1024x768.jpg 1024w, https:\/\/www.solwodi-berlin.de\/wp-content\/uploads\/2019\/07\/IMG_1972-e1563453165500-1200x900.jpg 1200w\" sizes=\"(max-width: 300px) 85vw, 300px\" \/><\/figure>\n\n\n\n<p>Ein heilp\u00e4dagogisches Tanzprojekt f\u00fcr die Frauen von SOLWODI. Elemente aus der Tanztherapie &amp; dem freien Tanz geben uns spielerische Impulse f\u00fcr Tanzen alleine, zu zweit oder in der Gruppe! Wir folgen der Weisheit des K\u00f6rpers und st\u00e4rken unser Bewusstsein f\u00fcr uns selbst und die Freude am gemeinsamen Tanzen!<br>Kursleitung: Miriam Bondy<br>S\u00e4ngerin, K\u00fcnstlerin, Musikp\u00e4dagogin Anleiterin f\u00fcr heilp\u00e4dagogischen Tanz<\/p>\n\n\n\n<\/div>","protected":false},"excerpt":{"rendered":"<p>D\u00e9sol\u00e9, cet article est seulement disponible en Deutsch et English. Theater und Entspannung Bei den angestrebten Leitzielen stehen die Stabilisierung, die Kommunikationsf\u00e4higkeit, der interkulturelle Austausch, die Integration und das Selbstbewusstsein der Klientinnen im Zentrum. Die Klientinnen werden durch entspannungs- und kreative theaterp\u00e4dagogische \u00dcbungen in ihren pers\u00f6nlichen Handlungskompetenzen gest\u00e4rkt, und ihre bereits vorhandenen F\u00e4higkeiten\/Ressourcen werden im &hellip; <a href=\"https:\/\/www.solwodi-berlin.de\/fr\/kreative-angebote\/\" class=\"more-link\">Continuer la lecture<span class=\"screen-reader-text\"> de &laquo;&nbsp;(Deutsch) Kreative Angebote&nbsp;&raquo;<\/span><\/a><\/p>\n","protected":false},"author":1,"featured_media":0,"parent":0,"menu_order":3,"comment_status":"closed","ping_status":"closed","template":"","meta":{"advanced_seo_description":"","jetpack_seo_html_title":"","jetpack_seo_noindex":false,"footnotes":""},"class_list":["post-197","page","type-page","status-publish","hentry"],"jetpack_sharing_enabled":true,"_links":{"self":[{"href":"https:\/\/www.solwodi-berlin.de\/fr\/wp-json\/wp\/v2\/pages\/197","targetHints":{"allow":["GET"]}}],"collection":[{"href":"https:\/\/www.solwodi-berlin.de\/fr\/wp-json\/wp\/v2\/pages"}],"about":[{"href":"https:\/\/www.solwodi-berlin.de\/fr\/wp-json\/wp\/v2\/types\/page"}],"author":[{"embeddable":true,"href":"https:\/\/www.solwodi-berlin.de\/fr\/wp-json\/wp\/v2\/users\/1"}],"replies":[{"embeddable":true,"href":"https:\/\/www.solwodi-berlin.de\/fr\/wp-json\/wp\/v2\/comments?post=197"}],"version-history":[{"count":16,"href":"https:\/\/www.solwodi-berlin.de\/fr\/wp-json\/wp\/v2\/pages\/197\/revisions"}],"predecessor-version":[{"id":3099,"href":"https:\/\/www.solwodi-berlin.de\/fr\/wp-json\/wp\/v2\/pages\/197\/revisions\/3099"}],"wp:attachment":[{"href":"https:\/\/www.solwodi-berlin.de\/fr\/wp-json\/wp\/v2\/media?parent=197"}],"curies":[{"name":"wp","href":"https:\/\/api.w.org\/{rel}","templated":true}]}}