{"id":4,"date":"2016-02-03T18:00:00","date_gmt":"2016-02-03T17:00:00","guid":{"rendered":"http:\/\/www.solwodi-berlin.de\/?page_id=4"},"modified":"2023-06-08T14:53:09","modified_gmt":"2023-06-08T12:53:09","slug":"impressum","status":"publish","type":"page","link":"https:\/\/www.solwodi-berlin.de\/en\/impressum\/","title":{"rendered":"Imprint"},"content":{"rendered":"<p class=\"qtranxs-available-languages-message qtranxs-available-languages-message-en\">Sorry, this entry is only available in <a href=\"https:\/\/www.solwodi-berlin.de\/de\/wp-json\/wp\/v2\/pages\/4\" class=\"qtranxs-available-language-link qtranxs-available-language-link-de\" title=\"Deutsch\">Deutsch<\/a>.<\/p><hr>\n\n\n\n\n\n\n\n<p>Inhaltlich Verantwortlich:&nbsp;<strong>&nbsp;Prof. Dr. Christine Funk<\/strong><\/p>\n\n\n\n<p>SOLWODI Berlin e. V.<br>Kranoldstra\u00dfe 24<br>12051 Berlin<br>Tel: <a rel=\"noopener\" href=\"tel:+493081001170\" target=\"_blank\">+49 30 81 00 11 7-0<\/a><br>Fax: +49 30 81 00 11 7-19<br><a rel=\"noopener\" href=\"https:\/\/www.SOLWODI-Berlin.de\" target=\"_blank\">www.SOLWODI-Berlin.de<\/a><br><a href=\"mailto:info@solwodi-berlin.de\" data-type=\"mailto\" data-id=\"mailto:info@solwodi-berlin.de\">info@solwodi-berlin.de<\/a><\/p>\n\n\n\n<p>Registergericht: Amtsgericht Charlottenburg (Berlin)<br>Registernummer: VR 34073 B<\/p>\n\n\n\n<p>Informationen zum Datenschutz finden Sie in unserer <a href=\"..\/datenschutzerklaerung\/\" target=\"_blank\" rel=\"noopener\">Datenschutzerkl\u00e4rung<\/a>.<\/p>\n\n\n\n<h2 class=\"wp-block-heading\" id=\"urheberrecht\">Urheberrecht<\/h2>\n\n\n\n<p>Skyline Berlin (Header): \u00a9&nbsp;Marc Bienlein (<a rel=\"noreferrer noopener\" href=\"http:\/\/www.lemonpage.de\" target=\"_blank\">www.lemonpage.de<\/a>)<br>Wandbild (Footer): \u00a9 Ursula Eichert (<a rel=\"noreferrer noopener\" href=\"http:\/\/www.ursula-eichert.de\/\" target=\"_blank\">www.ursula-eichert.de<\/a>)<br>Karikaturen: \u00a9 Rockn Rollf Berlin<br>Facebook Logo:  \u00a9 Facebook (<a rel=\"noopener\" href=\"https:\/\/www.facebook.com\/brand\/resources\/facebookapp\/logo\" target=\"_blank\">facebook.com\/brand\/resources\/facebookapp\/logo<\/a>)<br>World Icon: Made by <a rel=\"noopener\" href=\"https:\/\/www.flaticon.com\/authors\/flat-icons\" target=\"_blank\">Flat Icons<\/a> from <a rel=\"noopener\" href=\"https:\/\/www.flaticon.com\/free-icon\/internet_174249\" target=\"_blank\">www.flaticon.com<\/a><\/p>\n\n\n\n<h2 class=\"wp-block-heading\" id=\"disclaimer\">Disclaimer<\/h2>\n\n\n\n<h3 class=\"wp-block-heading\" id=\"haftung-fur-inhalte\">Haftung f\u00fcr Inhalte<\/h3>\n\n\n\n<p>Als Diensteanbieter sind wir gem\u00e4\u00df \u00a7 7 Abs.1 TMG f\u00fcr eigene Inhalte auf diesen Seiten nach den allgemeinen Gesetzen verantwortlich. Nach \u00a7\u00a7 8 bis 10 TMG sind wir als Diensteanbieter jedoch nicht verpflichtet, \u00fcbermittelte oder gespeicherte fremde Informationen zu \u00fcberwachen oder nach Umst\u00e4nden zu forschen, die auf eine rechtswidrige T\u00e4tigkeit hinweisen. Verpflichtungen zur Entfernung oder Sperrung der Nutzung von Informationen nach den allgemeinen Gesetzen bleiben hiervon unber\u00fchrt. Eine diesbez\u00fcgliche Haftung ist jedoch erst ab dem Zeitpunkt der Kenntnis einer konkreten Rechtsverletzung m\u00f6glich. Bei Bekanntwerden von entsprechenden Rechtsverletzungen werden wir diese Inhalte umgehend entfernen.<\/p>\n\n\n\n<h3 class=\"wp-block-heading\" id=\"haftung-fur-links\">Haftung f\u00fcr Links<\/h3>\n\n\n\n<p>Unser Angebot enth\u00e4lt Links zu externen Websites Dritter, auf deren Inhalte wir keinen Einfluss haben. Deshalb k\u00f6nnen wir f\u00fcr diese fremden Inhalte auch keine Gew\u00e4hr \u00fcbernehmen. F\u00fcr die Inhalte der verlinkten Seiten ist stets der jeweilige Anbieter oder Betreiber der Seiten verantwortlich. Die verlinkten Seiten wurden zum Zeitpunkt der Verlinkung auf m\u00f6gliche Rechtsverst\u00f6\u00dfe \u00fcberpr\u00fcft. Rechtswidrige Inhalte waren zum Zeitpunkt der Verlinkung nicht erkennbar. Eine permanente inhaltliche Kontrolle der verlinkten Seiten ist jedoch ohne konkrete Anhaltspunkte einer Rechtsverletzung nicht zumutbar. Bei Bekanntwerden von Rechtsverletzungen werden wir derartige Links umgehend entfernen.<\/p>\n\n\n\n<h3 class=\"wp-block-heading\" id=\"urheberrecht\">Urheberrecht<\/h3>\n\n\n\n<p>Die durch die Seitenbetreiber erstellten Inhalte und Werke auf diesen Seiten unterliegen dem deutschen Urheberrecht. Die Vervielf\u00e4ltigung, Bearbeitung, Verbreitung und jede Art der Verwertung au\u00dferhalb der Grenzen des Urheberrechtes bed\u00fcrfen der schriftlichen Zustimmung des jeweiligen Autors bzw. Erstellers. Downloads und Kopien dieser Seite sind nur f\u00fcr den privaten, nicht kommerziellen Gebrauch gestattet. Soweit die Inhalte auf dieser Seite nicht vom Betreiber erstellt wurden, werden die Urheberrechte Dritter beachtet. Insbesondere werden Inhalte Dritter als solche gekennzeichnet. Sollten Sie trotzdem auf eine Urheberrechtsverletzung aufmerksam werden, bitten wir um einen entsprechenden Hinweis. Bei Bekanntwerden von Rechtsverletzungen werden wir derartige Inhalte umgehend entfernen.<\/p>\n\n\n\n<p><i>Quellenangabe Disclaimer: <a href=\"https:\/\/www.e-recht24.de\/muster-disclaimer.html\" target=\"_blank\" rel=\"nofollow noopener\">eRecht24 (eRecht24 GmbH &amp; Co. KG \u2013 S\u00f6ren Siebert &amp; Karsten Fernkorn)<\/a><\/i><\/p>","protected":false},"excerpt":{"rendered":"<p>Sorry, this entry is only available in Deutsch. Inhaltlich Verantwortlich:&nbsp;&nbsp;Prof. Dr. Christine Funk SOLWODI Berlin e. V.Kranoldstra\u00dfe 2412051 BerlinTel: +49 30 81 00 11 7-0Fax: +49 30 81 00 11 7-19www.SOLWODI-Berlin.deinfo@solwodi-berlin.de Registergericht: Amtsgericht Charlottenburg (Berlin)Registernummer: VR 34073 B Informationen zum Datenschutz finden Sie in unserer Datenschutzerkl\u00e4rung. Urheberrecht Skyline Berlin (Header): \u00a9&nbsp;Marc Bienlein (www.lemonpage.de)Wandbild (Footer): \u00a9 &hellip; <a href=\"https:\/\/www.solwodi-berlin.de\/en\/impressum\/\" class=\"more-link\">Continue reading<span class=\"screen-reader-text\"> &#8220;Imprint&#8221;<\/span><\/a><\/p>\n","protected":false},"author":1,"featured_media":0,"parent":0,"menu_order":9,"comment_status":"closed","ping_status":"closed","template":"","meta":{"advanced_seo_description":"","jetpack_seo_html_title":"","jetpack_seo_noindex":false,"footnotes":""},"class_list":["post-4","page","type-page","status-publish","hentry"],"jetpack_sharing_enabled":false,"_links":{"self":[{"href":"https:\/\/www.solwodi-berlin.de\/en\/wp-json\/wp\/v2\/pages\/4","targetHints":{"allow":["GET"]}}],"collection":[{"href":"https:\/\/www.solwodi-berlin.de\/en\/wp-json\/wp\/v2\/pages"}],"about":[{"href":"https:\/\/www.solwodi-berlin.de\/en\/wp-json\/wp\/v2\/types\/page"}],"author":[{"embeddable":true,"href":"https:\/\/www.solwodi-berlin.de\/en\/wp-json\/wp\/v2\/users\/1"}],"replies":[{"embeddable":true,"href":"https:\/\/www.solwodi-berlin.de\/en\/wp-json\/wp\/v2\/comments?post=4"}],"version-history":[{"count":21,"href":"https:\/\/www.solwodi-berlin.de\/en\/wp-json\/wp\/v2\/pages\/4\/revisions"}],"predecessor-version":[{"id":2975,"href":"https:\/\/www.solwodi-berlin.de\/en\/wp-json\/wp\/v2\/pages\/4\/revisions\/2975"}],"wp:attachment":[{"href":"https:\/\/www.solwodi-berlin.de\/en\/wp-json\/wp\/v2\/media?parent=4"}],"curies":[{"name":"wp","href":"https:\/\/api.w.org\/{rel}","templated":true}]}}